{"id":79,"date":"2021-06-22T07:34:57","date_gmt":"2021-06-22T06:34:57","guid":{"rendered":"http:\/\/medecinescuneiformes.fr\/?page_id=79"},"modified":"2025-11-12T15:42:53","modified_gmt":"2025-11-12T14:42:53","slug":"numeros","status":"publish","type":"page","link":"https:\/\/medecinescuneiformes.fr\/?page_id=79","title":{"rendered":"Num\u00e9ros"},"content":{"rendered":"<p style=\"text-align: left;\">Vous trouverez ici les num\u00e9ros du JMC d\u00e9j\u00e0 parus disponibles au t\u00e9l\u00e9chargement.<\/p>\n<ul>\n<li>Pour consulter\u00a0le <strong>sommaire des num\u00e9ros (2003- juin 2021<\/strong>)<br \/>\n<strong>par auteurs<\/strong> cliquez ici :\u00a0<a href=\"http:\/\/medecinescuneiformes.fr\/wordpress\/wp-content\/uploads\/JMC-sommaire-2003-juin-2021-par-auteurs.pdf\" target=\"_blank\">Sommaire par auteurs<\/a><\/li>\n<li>Pour consulter\u00a0le <strong>sommaire des num\u00e9ros (2003- juin 2021<\/strong>)<br \/>\ncliquez ici :\u00a0<a href=\"http:\/\/medecinescuneiformes.fr\/wordpress\/wp-content\/uploads\/JMC-sommaire-2003-juin-2011-par-numero.pdf\" target=\"_blank\">Sommaire par num\u00e9ro<\/a><\/li>\n<\/ul>\n<p>NB :\u00a0En raison de la limitation de taille des fichiers impos\u00e9e par le site, <strong>nous vous conseillons de t\u00e9l\u00e9charger les tir\u00e9s-\u00e0-part pour les articles contenant des illustrations<\/strong><strong>. <\/strong>Pour cela rendez-vous dans la rubrique\u00a0<a href=\"http:\/\/medecinescuneiformes.fr\/?page_id=326\" target=\"_blank\">ARTICLES (2023-2007)<\/a><\/p>\n<p><a href=\"http:\/\/medecinescuneiformes.fr\/?p=782\" target=\"_blank\">JMC n\u00b042 (2023)<\/a><\/p>\n<p><a href=\"http:\/\/medecinescuneiformes.fr\/?page_id=763\" target=\"_blank\">JMC n\u00b041 (2023)<\/a><\/p>\n<p><a href=\"http:\/\/medecinescuneiformes.fr\/?page_id=730\" target=\"_blank\">JMC n\u00b040 (2022)<\/a><\/p>\n<p><a href=\"http:\/\/medecinescuneiformes.fr\/?page_id=647\" target=\"_blank\">JMC n\u00b039 (2022)<\/a><\/p>\n<p><a href=\"http:\/\/medecinescuneiformes.fr\/?page_id=469\" target=\"_blank\">JMC n\u00b038 (2021)<\/a><\/p>\n<p style=\"text-align: left;\"><a href=\"http:\/\/medecinescuneiformes.fr\/?page_id=178\" target=\"_blank\">JMC n\u00b037 (2021)<\/a><\/p>\n<p><a href=\"http:\/\/medecinescuneiformes.fr\/?page_id=140\" target=\"_blank\">JMC n\u00b036 (2020)<\/a><\/p>\n<p><a href=\"http:\/\/medecinescuneiformes.fr\/?page_id=151\" target=\"_blank\">JMC n\u00b035 (2020)<\/a><\/p>\n<p><a href=\"http:\/\/medecinescuneiformes.fr\/?page_id=153\" target=\"_blank\">JMC n\u00b034 (2019)<\/a><\/p>\n<p><a href=\"http:\/\/medecinescuneiformes.fr\/?page_id=163\" target=\"_blank\">JMC n\u00b033 (2019)<\/a><\/p>\n<p><a href=\"http:\/\/medecinescuneiformes.fr\/?page_id=190\" target=\"_blank\">JMC n\u00b032 (2018)<\/a><\/p>\n<p><a href=\"http:\/\/medecinescuneiformes.fr\/?page_id=200\" target=\"_blank\">JMC n\u00b031 (2018)<\/a><\/p>\n<p><a href=\"http:\/\/medecinescuneiformes.fr\/?page_id=209\" target=\"_blank\">JMC n\u00b030 (2017)<\/a><\/p>\n<p><a href=\"http:\/\/medecinescuneiformes.fr\/?page_id=216\" target=\"_blank\">JMC n\u00b029 (2017)<\/a><\/p>\n<p><a href=\"http:\/\/medecinescuneiformes.fr\/?page_id=224\" target=\"_blank\">JMC n\u00b028 (2016)<\/a><\/p>\n<p><a href=\"http:\/\/medecinescuneiformes.fr\/?page_id=248\" target=\"_blank\">JMC n\u00b027 (2016)<\/a><\/p>\n<p><a href=\"http:\/\/medecinescuneiformes.fr\/?page_id=254\" target=\"_blank\">JMC n\u00b026 (2015)<\/a><\/p>\n<p><a href=\"http:\/\/medecinescuneiformes.fr\/?page_id=259\" target=\"_blank\">JMC n\u00b025 (2015)<\/a><\/p>\n<p><a href=\"http:\/\/medecinescuneiformes.fr\/?page_id=265\" target=\"_blank\">JMC n\u00b024 (2014)<\/a><\/p>\n<p><a href=\"http:\/\/medecinescuneiformes.fr\/?page_id=243\" target=\"_blank\">JMC n\u00b023 (2014)<\/a><\/p>\n<p><a href=\"http:\/\/medecinescuneiformes.fr\/?page_id=270\" target=\"_blank\">JMC n\u00b022 (2013)<\/a><\/p>\n<p><a href=\"http:\/\/medecinescuneiformes.fr\/?page_id=280\" target=\"_blank\">JMC n\u00b021 (2013)<\/a><\/p>\n<p><a href=\"http:\/\/medecinescuneiformes.fr\/?page_id=283\" target=\"_blank\">JMC n\u00b020 (2012)<\/a><\/p>\n<p><a href=\"http:\/\/medecinescuneiformes.fr\/?page_id=289\" target=\"_blank\">JMC n\u00b019 (2012)<\/a><\/p>\n<p><a href=\"http:\/\/medecinescuneiformes.fr\/?page_id=294\" target=\"_blank\">JMC n\u00b018 (2011)<\/a><\/p>\n<p><a href=\"http:\/\/medecinescuneiformes.fr\/?page_id=299\" target=\"_blank\">JMC n\u00b017 (2011)<\/a><\/p>\n<p><a href=\"http:\/\/medecinescuneiformes.fr\/?page_id=304\" target=\"_blank\">JMC n\u00b016 (2010)<\/a><\/p>\n<p><a href=\"http:\/\/medecinescuneiformes.fr\/?page_id=615\" target=\"_blank\">JMC n\u00b015 (2010)<\/a><\/p>\n<hr \/>\n<p style=\"text-align: center;\"><em>Cette page est en cours d&rsquo;actualisation<\/em><\/p>\n<hr \/>\n<p style=\"text-align: left;\"><a href=\"http:\/\/medecinescuneiformes.fr\/?page_id=509\" target=\"_blank\">JMC n\u00b011-12 (2008)<\/a><\/p>\n<p style=\"text-align: left;\"><a href=\"http:\/\/medecinescuneiformes.fr\/?page_id=518\" target=\"_blank\">JMC n\u00b010 (2007)<\/a><\/p>\n<p style=\"text-align: left;\"><a href=\"http:\/\/medecinescuneiformes.fr\/?page_id=562\" target=\"_blank\">JMC n\u00b09 (2007)<\/a><\/p>\n<hr \/>\n<p style=\"text-align: center;\"><em>Cette page est en cours d&rsquo;actualisation<\/em><\/p>\n<hr \/>\n<p><a href=\"http:\/\/medecinescuneiformes.fr\/?page_id=665\" target=\"_blank\">JMC n\u00b05 (2005)<\/a><\/p>\n","protected":false},"excerpt":{"rendered":"<p>Vous trouverez ici les num\u00e9ros du JMC d\u00e9j\u00e0 parus disponibles au t\u00e9l\u00e9chargement. Pour consulter\u00a0le sommaire des num\u00e9ros (2003- juin 2021) par auteurs cliquez ici :\u00a0Sommaire par auteurs Pour consulter\u00a0le sommaire des num\u00e9ros (2003- juin 2021) cliquez ici :\u00a0Sommaire par num\u00e9ro NB :\u00a0En raison de la limitation de taille des fichiers impos\u00e9e par le site, nous &hellip; <a href=\"https:\/\/medecinescuneiformes.fr\/?page_id=79\" class=\"more-link\">Continuer la lecture de <span class=\"screen-reader-text\">Num\u00e9ros<\/span>  <span class=\"meta-nav\">&rarr;<\/span><\/a><\/p>\n","protected":false},"author":1,"featured_media":0,"parent":0,"menu_order":1,"comment_status":"closed","ping_status":"closed","template":"","meta":{"footnotes":""},"class_list":["post-79","page","type-page","status-publish","hentry"],"_links":{"self":[{"href":"https:\/\/medecinescuneiformes.fr\/index.php?rest_route=\/wp\/v2\/pages\/79","targetHints":{"allow":["GET"]}}],"collection":[{"href":"https:\/\/medecinescuneiformes.fr\/index.php?rest_route=\/wp\/v2\/pages"}],"about":[{"href":"https:\/\/medecinescuneiformes.fr\/index.php?rest_route=\/wp\/v2\/types\/page"}],"author":[{"embeddable":true,"href":"https:\/\/medecinescuneiformes.fr\/index.php?rest_route=\/wp\/v2\/users\/1"}],"replies":[{"embeddable":true,"href":"https:\/\/medecinescuneiformes.fr\/index.php?rest_route=%2Fwp%2Fv2%2Fcomments&post=79"}],"version-history":[{"count":83,"href":"https:\/\/medecinescuneiformes.fr\/index.php?rest_route=\/wp\/v2\/pages\/79\/revisions"}],"predecessor-version":[{"id":803,"href":"https:\/\/medecinescuneiformes.fr\/index.php?rest_route=\/wp\/v2\/pages\/79\/revisions\/803"}],"wp:attachment":[{"href":"https:\/\/medecinescuneiformes.fr\/index.php?rest_route=%2Fwp%2Fv2%2Fmedia&parent=79"}],"curies":[{"name":"wp","href":"https:\/\/api.w.org\/{rel}","templated":true}]}}