{"id":763,"date":"2024-11-22T13:48:47","date_gmt":"2024-11-22T12:48:47","guid":{"rendered":"http:\/\/medecinescuneiformes.fr\/?page_id=763"},"modified":"2024-11-22T13:48:47","modified_gmt":"2024-11-22T12:48:47","slug":"jmc-n41-2023","status":"publish","type":"page","link":"https:\/\/medecinescuneiformes.fr\/?page_id=763","title":{"rendered":"JMC n\u00b041 (2023)"},"content":{"rendered":"<p><img loading=\"lazy\" decoding=\"async\" class=\"size-full wp-image-757 aligncenter\" src=\"http:\/\/medecinescuneiformes.fr\/wordpress\/wp-content\/uploads\/JMC-41_couv.jpg\" alt=\"JMC 41_couv\" width=\"1240\" height=\"1753\" srcset=\"https:\/\/medecinescuneiformes.fr\/wordpress\/wp-content\/uploads\/JMC-41_couv.jpg 1240w, https:\/\/medecinescuneiformes.fr\/wordpress\/wp-content\/uploads\/JMC-41_couv-212x300.jpg 212w, https:\/\/medecinescuneiformes.fr\/wordpress\/wp-content\/uploads\/JMC-41_couv-768x1086.jpg 768w, https:\/\/medecinescuneiformes.fr\/wordpress\/wp-content\/uploads\/JMC-41_couv-724x1024.jpg 724w\" sizes=\"auto, (max-width: 1240px) 100vw, 1240px\" \/><\/p>\n<p style=\"text-align: left;\">Vous pouvez t\u00e9l\u00e9charger ce num\u00e9ro\u00a0en cliquant ici :\u00a0<a href=\"http:\/\/medecinescuneiformes.fr\/wordpress\/wp-content\/uploads\/JMC-41_c.pdf\" target=\"_blank\">JMC 41<\/a><\/p>\n<p style=\"text-align: left;\">Les articles de ce num\u00e9ro sont t\u00e9l\u00e9chargeables s\u00e9par\u00e9ment via les rubriques\u00a0<a href=\"http:\/\/medecinescuneiformes.fr\/?page_id=326\" target=\"_blank\">ARTICLES (2023-2007)<\/a>\u00a0ou\u00a0<a href=\"http:\/\/medecinescuneiformes.fr\/?page_id=367\" target=\"_blank\">AUTEURS<\/a><\/p>\n","protected":false},"excerpt":{"rendered":"<p>Vous pouvez t\u00e9l\u00e9charger ce num\u00e9ro\u00a0en cliquant ici :\u00a0JMC 41 Les articles de ce num\u00e9ro sont t\u00e9l\u00e9chargeables s\u00e9par\u00e9ment via les rubriques\u00a0ARTICLES (2023-2007)\u00a0ou\u00a0AUTEURS<\/p>\n","protected":false},"author":4,"featured_media":0,"parent":79,"menu_order":0,"comment_status":"closed","ping_status":"closed","template":"","meta":{"footnotes":""},"class_list":["post-763","page","type-page","status-publish","hentry"],"_links":{"self":[{"href":"https:\/\/medecinescuneiformes.fr\/index.php?rest_route=\/wp\/v2\/pages\/763","targetHints":{"allow":["GET"]}}],"collection":[{"href":"https:\/\/medecinescuneiformes.fr\/index.php?rest_route=\/wp\/v2\/pages"}],"about":[{"href":"https:\/\/medecinescuneiformes.fr\/index.php?rest_route=\/wp\/v2\/types\/page"}],"author":[{"embeddable":true,"href":"https:\/\/medecinescuneiformes.fr\/index.php?rest_route=\/wp\/v2\/users\/4"}],"replies":[{"embeddable":true,"href":"https:\/\/medecinescuneiformes.fr\/index.php?rest_route=%2Fwp%2Fv2%2Fcomments&post=763"}],"version-history":[{"count":1,"href":"https:\/\/medecinescuneiformes.fr\/index.php?rest_route=\/wp\/v2\/pages\/763\/revisions"}],"predecessor-version":[{"id":764,"href":"https:\/\/medecinescuneiformes.fr\/index.php?rest_route=\/wp\/v2\/pages\/763\/revisions\/764"}],"up":[{"embeddable":true,"href":"https:\/\/medecinescuneiformes.fr\/index.php?rest_route=\/wp\/v2\/pages\/79"}],"wp:attachment":[{"href":"https:\/\/medecinescuneiformes.fr\/index.php?rest_route=%2Fwp%2Fv2%2Fmedia&parent=763"}],"curies":[{"name":"wp","href":"https:\/\/api.w.org\/{rel}","templated":true}]}}