{"id":2,"date":"2015-01-04T09:16:08","date_gmt":"2015-01-04T08:16:08","guid":{"rendered":"http:\/\/medecinescuneiformes.fr\/wordpress\/?page_id=2"},"modified":"2022-12-27T14:15:07","modified_gmt":"2022-12-27T13:15:07","slug":"page-d-exemple","status":"publish","type":"page","link":"https:\/\/medecinescuneiformes.fr\/","title":{"rendered":"Accueil"},"content":{"rendered":"<a name=\"zotpress-lib-910749f0c75f29adfafc2516de072e93\"><\/a>\n<div id=\"zotpress-lib-910749f0c75f29adfafc2516de072e93\" class=\"zp-Library zp-Browse\">\n<span class=\"ZP_API_USER_ID ZP_ATTR\">2253387<\/span>\n<span class=\"ZP_COLLECTION_ID ZP_ATTR\">5D7NAKXW<\/span>\n<span class=\"ZP_MAXTAGS ZP_ATTR\">100<\/span>\n<span class=\"ZP_STYLE ZP_ATTR\">invisu<\/span>\n<span class=\"ZP_SORTBY ZP_ATTR\">default<\/span>\n<span class=\"ZP_ORDER ZP_ATTR\">asc<\/span>\n<span class=\"ZP_CITEABLE ZP_ATTR\">1<\/span>\n<span class=\"ZP_DOWNLOADABLE ZP_ATTR\">1<\/span>\n<span class=\"ZP_SHOWTAGS ZP_ATTR\"><\/span>\n<span class=\"ZP_SHOWIMAGE ZP_ATTR\"><\/span>\n<span class=\"ZP_TOPLEVEL ZP_ATTR\">toplevel<\/span><span class=\"ZP_TARGET ZP_ATTR\"><\/span>\n<span class=\"ZP_URLWRAP ZP_ATTR\">title<\/span><span class=\"ZP_BROWSEBAR ZP_ATTR\">1<\/span>\n<input type=\"hidden\" class=\"ZOTPRESS_AC_MAXPERPAGE\" name=\"ZOTPRESS_AC_MAXPERPAGE\" value=\"10\">\n<div class=\"zp-Browse-Bar\"><div class=\"zp-Zotpress-SearchBox\"><input class=\"zp-Zotpress-SearchBox-Input\" class=\"help\" type=\"text\" placeholder=\"Type to search\" \/><input type=\"hidden\" class=\"ZOTPRESS_AC_MINLENGTH\" name=\"ZOTPRESS_AC_MINLENGTH\" value=\"3\" \/><input type=\"hidden\" class=\"ZOTPRESS_AC_MAXRESULTS\" name=\"ZOTPRESS_AC_MAXRESULTS\" value=\"50\" \/><input type=\"hidden\" class=\"ZOTPRESS_AC_MAXPAGES\" name=\"ZOTPRESS_AC_MAXPAGES\" value=\"10\" \/><input type=\"hidden\" class=\"ZOTPRESS_AC_DOWNLOAD\" name=\"ZOTPRESS_AC_DOWNLOAD\" value=\"1\" \/><input type=\"hidden\" class=\"ZOTPRESS_AC_CITE\" name=\"ZOTPRESS_AC_CITE\" value=\"1\" \/><input type=\"hidden\" class=\"ZOTPRESS_PLUGIN_URL\" name=\"ZOTPRESS_PLUGIN_URL\" value=\"https:\/\/medecinescuneiformes.fr\/wordpress\/wp-content\/plugins\/zotpress\/\" \/><input type=\"hidden\" class=\"ZOTPRESS_USER\" name=\"ZOTPRESS_USER\" value=\"2253387\" \/><\/div>\n<\/div><!-- .zp-Browse-Bar -->\n\n<div class=\"zp-List\"><img decoding=\"async\" class=\"zpSearchLoading\" src=\"https:\/\/medecinescuneiformes.fr\/wordpress\/wp-content\/plugins\/zotpress\/\/images\/loading_default.gif\" alt=\"thinking\"><div class=\"zpSearchResultsContainer\"><\/div><div class=\"zpSearchResultsPagingContainer\"><div class=\"zpSearchResultsPagingContainerInner\"><div class=\"zpSearchResultsPagingCrop\"><div class=\"zpSearchResultsPaging\"><\/div><\/div><\/div><\/div><\/div><!-- .zp-List -->\n<\/div><!-- .zp-Browse -->\n\n\n<p>Bienvenue sur le site Internet du <strong>Journal des M\u00e9decines Cun\u00e9iformes<\/strong>\u00a0!<\/p>\n<p>Le dernier num\u00e9ro paru est t\u00e9l\u00e9chargeable dans la rubrique\u00a0<a href=\"http:\/\/medecinescuneiformes.fr\/?page_id=8\" target=\"_blank\">Actualit\u00e9s<\/a>.<\/p>\n<p>Nous mettons progressivement en ligne les num\u00e9ros parus.<\/p>\n<p>Vous pouvez les t\u00e9l\u00e9charger dans leur int\u00e9gralit\u00e9 dans la rubrique\u00a0<a href=\"http:\/\/medecinescuneiformes.fr\/?page_id=79\" target=\"_blank\">Num\u00e9ros<\/a>\u00a0ou t\u00e9l\u00e9charger des articles pr\u00e9cis en vous rendant dans les rubriques\u00a0<a href=\"http:\/\/medecinescuneiformes.fr\/?page_id=326\" target=\"_blank\">ARTICLES (2022-2007)<\/a>\u00a0et\u00a0<a href=\"http:\/\/medecinescuneiformes.fr\/?page_id=15\" target=\"_blank\">Articles (2003-2006)<\/a>.<\/p>\n<p>Si vous cherchez un article en particulier, cliquez sur le champ de recherche ci-dessus puis saisissez le d\u00e9but du titre ou le nom de l\u2019auteur. Une fois l\u2019article trouv\u00e9, cliquez sur \u201cDOWNLOAD\u201d pour le t\u00e9l\u00e9charger (ou sur \u201cCITE\u201d pour t\u00e9l\u00e9charger la notice bibliographique au format RIS).<\/p>\n<p>Vous pouvez \u00e9galement consulter la <a href=\"?page_id=15\">liste des articles<\/a> tri\u00e9s par ann\u00e9e, ou voir la <a href=\"?page_id=33\">liste des auteurs<\/a> ayant contribu\u00e9 au JMC.<\/p>\n<p>Si vous avez des questions, vous pouvez nous \u00e9crire \u00e0 l\u2019adresse \u201ccontact <small>(arobase)<\/small> medecinescuneiformes <small>(point)<\/small> fr\u201d.<\/p>\n<p>Merci !<br \/>\n<a href=\"http:\/\/michaellanglois.fr\" target=\"_blank\">Michael Langlois<\/a> pour l\u2019\u00e9quipe JMC.<\/p>\n","protected":false},"excerpt":{"rendered":"<p>Bienvenue sur le site Internet du Journal des M\u00e9decines Cun\u00e9iformes\u00a0! Le dernier num\u00e9ro paru est t\u00e9l\u00e9chargeable dans la rubrique\u00a0Actualit\u00e9s. Nous mettons progressivement en ligne les num\u00e9ros parus. Vous pouvez les t\u00e9l\u00e9charger dans leur int\u00e9gralit\u00e9 dans la rubrique\u00a0Num\u00e9ros\u00a0ou t\u00e9l\u00e9charger des articles pr\u00e9cis en vous rendant dans les rubriques\u00a0ARTICLES (2022-2007)\u00a0et\u00a0Articles (2003-2006). Si vous cherchez un article en &hellip; <a href=\"https:\/\/medecinescuneiformes.fr\/\" class=\"more-link\">Continuer la lecture de <span class=\"screen-reader-text\">Accueil<\/span>  <span class=\"meta-nav\">&rarr;<\/span><\/a><\/p>\n","protected":false},"author":1,"featured_media":0,"parent":0,"menu_order":1,"comment_status":"closed","ping_status":"closed","template":"","meta":{"footnotes":""},"class_list":["post-2","page","type-page","status-publish","hentry"],"_links":{"self":[{"href":"https:\/\/medecinescuneiformes.fr\/index.php?rest_route=\/wp\/v2\/pages\/2","targetHints":{"allow":["GET"]}}],"collection":[{"href":"https:\/\/medecinescuneiformes.fr\/index.php?rest_route=\/wp\/v2\/pages"}],"about":[{"href":"https:\/\/medecinescuneiformes.fr\/index.php?rest_route=\/wp\/v2\/types\/page"}],"author":[{"embeddable":true,"href":"https:\/\/medecinescuneiformes.fr\/index.php?rest_route=\/wp\/v2\/users\/1"}],"replies":[{"embeddable":true,"href":"https:\/\/medecinescuneiformes.fr\/index.php?rest_route=%2Fwp%2Fv2%2Fcomments&post=2"}],"version-history":[{"count":28,"href":"https:\/\/medecinescuneiformes.fr\/index.php?rest_route=\/wp\/v2\/pages\/2\/revisions"}],"predecessor-version":[{"id":697,"href":"https:\/\/medecinescuneiformes.fr\/index.php?rest_route=\/wp\/v2\/pages\/2\/revisions\/697"}],"wp:attachment":[{"href":"https:\/\/medecinescuneiformes.fr\/index.php?rest_route=%2Fwp%2Fv2%2Fmedia&parent=2"}],"curies":[{"name":"wp","href":"https:\/\/api.w.org\/{rel}","templated":true}]}}