{"id":730,"date":"2023-07-28T15:28:31","date_gmt":"2023-07-28T14:28:31","guid":{"rendered":"http:\/\/medecinescuneiformes.fr\/?page_id=730"},"modified":"2023-07-30T11:41:48","modified_gmt":"2023-07-30T10:41:48","slug":"jmc-n40-2023","status":"publish","type":"page","link":"http:\/\/medecinescuneiformes.fr\/?page_id=730","title":{"rendered":"JMC n\u00b040 (2022)"},"content":{"rendered":"<p><img loading=\"lazy\" decoding=\"async\" class=\"size-full wp-image-725 aligncenter\" src=\"http:\/\/medecinescuneiformes.fr\/wordpress\/wp-content\/uploads\/JMC-40-1ere-de-couv..jpg\" alt=\"JMC 40 1\u00e8re de couv.\" width=\"612\" height=\"792\" srcset=\"http:\/\/medecinescuneiformes.fr\/wordpress\/wp-content\/uploads\/JMC-40-1ere-de-couv..jpg 612w, http:\/\/medecinescuneiformes.fr\/wordpress\/wp-content\/uploads\/JMC-40-1ere-de-couv.-232x300.jpg 232w\" sizes=\"auto, (max-width: 612px) 100vw, 612px\" \/><\/p>\n<p>Vous pouvez t\u00e9l\u00e9charger ce num\u00e9ro\u00a0en cliquant ici :\u00a0<a href=\"http:\/\/medecinescuneiformes.fr\/wordpress\/wp-content\/uploads\/JMC_40_2023_c.pdf\" target=\"_blank\">JMC 40<\/a><\/p>\n<p>Les articles de ce num\u00e9ro sont t\u00e9l\u00e9chargeables s\u00e9par\u00e9ment via les rubriques\u00a0<a href=\"http:\/\/medecinescuneiformes.fr\/?page_id=326\" target=\"_blank\">ARTICLES (2023-2007)<\/a>\u00a0ou\u00a0<a href=\"http:\/\/medecinescuneiformes.fr\/?page_id=367\" target=\"_blank\">AUTEURS<\/a><\/p>\n","protected":false},"excerpt":{"rendered":"<p>Vous pouvez t\u00e9l\u00e9charger ce num\u00e9ro\u00a0en cliquant ici :\u00a0JMC 40 Les articles de ce num\u00e9ro sont t\u00e9l\u00e9chargeables s\u00e9par\u00e9ment via les rubriques\u00a0ARTICLES (2023-2007)\u00a0ou\u00a0AUTEURS<\/p>\n","protected":false},"author":4,"featured_media":0,"parent":79,"menu_order":0,"comment_status":"closed","ping_status":"closed","template":"","meta":{"footnotes":""},"class_list":["post-730","page","type-page","status-publish","hentry"],"_links":{"self":[{"href":"http:\/\/medecinescuneiformes.fr\/index.php?rest_route=\/wp\/v2\/pages\/730","targetHints":{"allow":["GET"]}}],"collection":[{"href":"http:\/\/medecinescuneiformes.fr\/index.php?rest_route=\/wp\/v2\/pages"}],"about":[{"href":"http:\/\/medecinescuneiformes.fr\/index.php?rest_route=\/wp\/v2\/types\/page"}],"author":[{"embeddable":true,"href":"http:\/\/medecinescuneiformes.fr\/index.php?rest_route=\/wp\/v2\/users\/4"}],"replies":[{"embeddable":true,"href":"http:\/\/medecinescuneiformes.fr\/index.php?rest_route=%2Fwp%2Fv2%2Fcomments&post=730"}],"version-history":[{"count":3,"href":"http:\/\/medecinescuneiformes.fr\/index.php?rest_route=\/wp\/v2\/pages\/730\/revisions"}],"predecessor-version":[{"id":748,"href":"http:\/\/medecinescuneiformes.fr\/index.php?rest_route=\/wp\/v2\/pages\/730\/revisions\/748"}],"up":[{"embeddable":true,"href":"http:\/\/medecinescuneiformes.fr\/index.php?rest_route=\/wp\/v2\/pages\/79"}],"wp:attachment":[{"href":"http:\/\/medecinescuneiformes.fr\/index.php?rest_route=%2Fwp%2Fv2%2Fmedia&parent=730"}],"curies":[{"name":"wp","href":"https:\/\/api.w.org\/{rel}","templated":true}]}}