{"id":665,"date":"2022-12-26T18:00:41","date_gmt":"2022-12-26T17:00:41","guid":{"rendered":"http:\/\/medecinescuneiformes.fr\/?page_id=665"},"modified":"2022-12-26T18:01:00","modified_gmt":"2022-12-26T17:01:00","slug":"jmc-n5-2005","status":"publish","type":"page","link":"http:\/\/medecinescuneiformes.fr\/?page_id=665","title":{"rendered":"JMC n\u00b05 (2005)"},"content":{"rendered":"<p><img loading=\"lazy\" decoding=\"async\" class=\"size-full wp-image-666 aligncenter\" src=\"http:\/\/medecinescuneiformes.fr\/wordpress\/wp-content\/uploads\/1ere-de-couverture-JMC5.jpg\" alt=\"1\u00e8re de couverture JMC5\" width=\"612\" height=\"792\" srcset=\"http:\/\/medecinescuneiformes.fr\/wordpress\/wp-content\/uploads\/1ere-de-couverture-JMC5.jpg 612w, http:\/\/medecinescuneiformes.fr\/wordpress\/wp-content\/uploads\/1ere-de-couverture-JMC5-232x300.jpg 232w\" sizes=\"auto, (max-width: 612px) 100vw, 612px\" \/><\/p>\n<p>Vous pouvez t\u00e9l\u00e9charger ce num\u00e9ro\u00a0en cliquant ici :\u00a0<a href=\"http:\/\/medecinescuneiformes.fr\/wordpress\/wp-content\/uploads\/JMC5-p_compressed.pdf\" target=\"_blank\">JMC 5<\/a><\/p>\n<p>Les articles de ce num\u00e9ro sont t\u00e9l\u00e9chargeables s\u00e9par\u00e9ment via les rubriques\u00a0<a href=\"http:\/\/medecinescuneiformes.fr\/?page_id=326\" target=\"_blank\">ARTICLES (2021-2007)<\/a>\u00a0ou\u00a0<a href=\"http:\/\/medecinescuneiformes.fr\/?page_id=367\" target=\"_blank\">AUTEURS<\/a><\/p>\n","protected":false},"excerpt":{"rendered":"<p>Vous pouvez t\u00e9l\u00e9charger ce num\u00e9ro\u00a0en cliquant ici :\u00a0JMC 5 Les articles de ce num\u00e9ro sont t\u00e9l\u00e9chargeables s\u00e9par\u00e9ment via les rubriques\u00a0ARTICLES (2021-2007)\u00a0ou\u00a0AUTEURS<\/p>\n","protected":false},"author":4,"featured_media":0,"parent":79,"menu_order":0,"comment_status":"closed","ping_status":"closed","template":"","meta":{"footnotes":""},"class_list":["post-665","page","type-page","status-publish","hentry"],"_links":{"self":[{"href":"http:\/\/medecinescuneiformes.fr\/index.php?rest_route=\/wp\/v2\/pages\/665","targetHints":{"allow":["GET"]}}],"collection":[{"href":"http:\/\/medecinescuneiformes.fr\/index.php?rest_route=\/wp\/v2\/pages"}],"about":[{"href":"http:\/\/medecinescuneiformes.fr\/index.php?rest_route=\/wp\/v2\/types\/page"}],"author":[{"embeddable":true,"href":"http:\/\/medecinescuneiformes.fr\/index.php?rest_route=\/wp\/v2\/users\/4"}],"replies":[{"embeddable":true,"href":"http:\/\/medecinescuneiformes.fr\/index.php?rest_route=%2Fwp%2Fv2%2Fcomments&post=665"}],"version-history":[{"count":1,"href":"http:\/\/medecinescuneiformes.fr\/index.php?rest_route=\/wp\/v2\/pages\/665\/revisions"}],"predecessor-version":[{"id":669,"href":"http:\/\/medecinescuneiformes.fr\/index.php?rest_route=\/wp\/v2\/pages\/665\/revisions\/669"}],"up":[{"embeddable":true,"href":"http:\/\/medecinescuneiformes.fr\/index.php?rest_route=\/wp\/v2\/pages\/79"}],"wp:attachment":[{"href":"http:\/\/medecinescuneiformes.fr\/index.php?rest_route=%2Fwp%2Fv2%2Fmedia&parent=665"}],"curies":[{"name":"wp","href":"https:\/\/api.w.org\/{rel}","templated":true}]}}