{"id":469,"date":"2022-07-07T08:42:10","date_gmt":"2022-07-07T07:42:10","guid":{"rendered":"http:\/\/medecinescuneiformes.fr\/?page_id=469"},"modified":"2022-12-27T14:20:44","modified_gmt":"2022-12-27T13:20:44","slug":"jmc-n38-2021","status":"publish","type":"page","link":"http:\/\/medecinescuneiformes.fr\/?page_id=469","title":{"rendered":"JMC n\u00b038 (2021)"},"content":{"rendered":"<p><img loading=\"lazy\" decoding=\"async\" class=\"wp-image-465 size-large alignnone\" src=\"http:\/\/medecinescuneiformes.fr\/wordpress\/wp-content\/uploads\/JMC-38-1ere-de-couv.-791x1024.jpg\" alt=\"JMC 38 1\u00e8re de couv.\" width=\"474\" height=\"614\" srcset=\"http:\/\/medecinescuneiformes.fr\/wordpress\/wp-content\/uploads\/JMC-38-1ere-de-couv.-791x1024.jpg 791w, http:\/\/medecinescuneiformes.fr\/wordpress\/wp-content\/uploads\/JMC-38-1ere-de-couv.-232x300.jpg 232w, http:\/\/medecinescuneiformes.fr\/wordpress\/wp-content\/uploads\/JMC-38-1ere-de-couv.-768x994.jpg 768w, http:\/\/medecinescuneiformes.fr\/wordpress\/wp-content\/uploads\/JMC-38-1ere-de-couv..jpg 1275w\" sizes=\"auto, (max-width: 474px) 100vw, 474px\" \/><\/p>\n<p>Vous pouvez t\u00e9l\u00e9charger ce num\u00e9ro\u00a0en cliquant ici :\u00a0<a href=\"http:\/\/medecinescuneiformes.fr\/wordpress\/wp-content\/uploads\/JMC_38_compressed.pdf\" target=\"_blank\">JMC_38<\/a><\/p>\n<p>Les articles de ce num\u00e9ro sont t\u00e9l\u00e9chargeables s\u00e9par\u00e9ment via les rubriques\u00a0<a href=\"http:\/\/medecinescuneiformes.fr\/?page_id=326\" target=\"_blank\">ARTICLES (2022-2007)<\/a>\u00a0ou\u00a0<a href=\"http:\/\/medecinescuneiformes.fr\/?page_id=367\" target=\"_blank\">AUTEURS<\/a><\/p>\n","protected":false},"excerpt":{"rendered":"<p>Vous pouvez t\u00e9l\u00e9charger ce num\u00e9ro\u00a0en cliquant ici :\u00a0JMC_38 Les articles de ce num\u00e9ro sont t\u00e9l\u00e9chargeables s\u00e9par\u00e9ment via les rubriques\u00a0ARTICLES (2022-2007)\u00a0ou\u00a0AUTEURS<\/p>\n","protected":false},"author":4,"featured_media":0,"parent":79,"menu_order":0,"comment_status":"closed","ping_status":"closed","template":"","meta":{"footnotes":""},"class_list":["post-469","page","type-page","status-publish","hentry"],"_links":{"self":[{"href":"http:\/\/medecinescuneiformes.fr\/index.php?rest_route=\/wp\/v2\/pages\/469","targetHints":{"allow":["GET"]}}],"collection":[{"href":"http:\/\/medecinescuneiformes.fr\/index.php?rest_route=\/wp\/v2\/pages"}],"about":[{"href":"http:\/\/medecinescuneiformes.fr\/index.php?rest_route=\/wp\/v2\/types\/page"}],"author":[{"embeddable":true,"href":"http:\/\/medecinescuneiformes.fr\/index.php?rest_route=\/wp\/v2\/users\/4"}],"replies":[{"embeddable":true,"href":"http:\/\/medecinescuneiformes.fr\/index.php?rest_route=%2Fwp%2Fv2%2Fcomments&post=469"}],"version-history":[{"count":4,"href":"http:\/\/medecinescuneiformes.fr\/index.php?rest_route=\/wp\/v2\/pages\/469\/revisions"}],"predecessor-version":[{"id":709,"href":"http:\/\/medecinescuneiformes.fr\/index.php?rest_route=\/wp\/v2\/pages\/469\/revisions\/709"}],"up":[{"embeddable":true,"href":"http:\/\/medecinescuneiformes.fr\/index.php?rest_route=\/wp\/v2\/pages\/79"}],"wp:attachment":[{"href":"http:\/\/medecinescuneiformes.fr\/index.php?rest_route=%2Fwp%2Fv2%2Fmedia&parent=469"}],"curies":[{"name":"wp","href":"https:\/\/api.w.org\/{rel}","templated":true}]}}