{"id":294,"date":"2021-06-28T11:04:21","date_gmt":"2021-06-28T10:04:21","guid":{"rendered":"http:\/\/medecinescuneiformes.fr\/?page_id=294"},"modified":"2021-06-28T11:04:21","modified_gmt":"2021-06-28T10:04:21","slug":"jmc-n18-2011","status":"publish","type":"page","link":"http:\/\/medecinescuneiformes.fr\/?page_id=294","title":{"rendered":"JMC n\u00b018 (2011)"},"content":{"rendered":"<p><img loading=\"lazy\" decoding=\"async\" class=\"alignnone size-full wp-image-295\" src=\"http:\/\/medecinescuneiformes.fr\/wordpress\/wp-content\/uploads\/JMC-18-2011-couv.jpg\" alt=\"JMC 18 2011 couv\" width=\"2347\" height=\"3300\" srcset=\"http:\/\/medecinescuneiformes.fr\/wordpress\/wp-content\/uploads\/JMC-18-2011-couv.jpg 2347w, http:\/\/medecinescuneiformes.fr\/wordpress\/wp-content\/uploads\/JMC-18-2011-couv-213x300.jpg 213w, http:\/\/medecinescuneiformes.fr\/wordpress\/wp-content\/uploads\/JMC-18-2011-couv-768x1080.jpg 768w, http:\/\/medecinescuneiformes.fr\/wordpress\/wp-content\/uploads\/JMC-18-2011-couv-728x1024.jpg 728w\" sizes=\"auto, (max-width: 2347px) 100vw, 2347px\" \/><\/p>\n<p>Vous pouvez t\u00e9l\u00e9charger ce num\u00e9ro en cliquant ici :\u00a0<a href=\"http:\/\/medecinescuneiformes.fr\/wordpress\/wp-content\/uploads\/JMC-18-2011-site_c.pdf\" target=\"_blank\">JMC 18<\/a><\/p>\n","protected":false},"excerpt":{"rendered":"<p>Vous pouvez t\u00e9l\u00e9charger ce num\u00e9ro en cliquant ici :\u00a0JMC 18<\/p>\n","protected":false},"author":4,"featured_media":0,"parent":79,"menu_order":0,"comment_status":"closed","ping_status":"closed","template":"","meta":{"footnotes":""},"class_list":["post-294","page","type-page","status-publish","hentry"],"_links":{"self":[{"href":"http:\/\/medecinescuneiformes.fr\/index.php?rest_route=\/wp\/v2\/pages\/294","targetHints":{"allow":["GET"]}}],"collection":[{"href":"http:\/\/medecinescuneiformes.fr\/index.php?rest_route=\/wp\/v2\/pages"}],"about":[{"href":"http:\/\/medecinescuneiformes.fr\/index.php?rest_route=\/wp\/v2\/types\/page"}],"author":[{"embeddable":true,"href":"http:\/\/medecinescuneiformes.fr\/index.php?rest_route=\/wp\/v2\/users\/4"}],"replies":[{"embeddable":true,"href":"http:\/\/medecinescuneiformes.fr\/index.php?rest_route=%2Fwp%2Fv2%2Fcomments&post=294"}],"version-history":[{"count":1,"href":"http:\/\/medecinescuneiformes.fr\/index.php?rest_route=\/wp\/v2\/pages\/294\/revisions"}],"predecessor-version":[{"id":297,"href":"http:\/\/medecinescuneiformes.fr\/index.php?rest_route=\/wp\/v2\/pages\/294\/revisions\/297"}],"up":[{"embeddable":true,"href":"http:\/\/medecinescuneiformes.fr\/index.php?rest_route=\/wp\/v2\/pages\/79"}],"wp:attachment":[{"href":"http:\/\/medecinescuneiformes.fr\/index.php?rest_route=%2Fwp%2Fv2%2Fmedia&parent=294"}],"curies":[{"name":"wp","href":"https:\/\/api.w.org\/{rel}","templated":true}]}}