{"id":283,"date":"2021-06-28T10:51:33","date_gmt":"2021-06-28T09:51:33","guid":{"rendered":"http:\/\/medecinescuneiformes.fr\/?page_id=283"},"modified":"2021-06-28T11:31:04","modified_gmt":"2021-06-28T10:31:04","slug":"jmc-n20-2012","status":"publish","type":"page","link":"http:\/\/medecinescuneiformes.fr\/?page_id=283","title":{"rendered":"JMC n\u00b020 (2012)"},"content":{"rendered":"<p><img loading=\"lazy\" decoding=\"async\" class=\"alignnone size-full wp-image-284\" src=\"http:\/\/medecinescuneiformes.fr\/wordpress\/wp-content\/uploads\/JMC-20-2012-couv.jpg\" alt=\"JMC 20 2012 couv\" width=\"2347\" height=\"3300\" srcset=\"http:\/\/medecinescuneiformes.fr\/wordpress\/wp-content\/uploads\/JMC-20-2012-couv.jpg 2347w, http:\/\/medecinescuneiformes.fr\/wordpress\/wp-content\/uploads\/JMC-20-2012-couv-213x300.jpg 213w, http:\/\/medecinescuneiformes.fr\/wordpress\/wp-content\/uploads\/JMC-20-2012-couv-768x1080.jpg 768w, http:\/\/medecinescuneiformes.fr\/wordpress\/wp-content\/uploads\/JMC-20-2012-couv-728x1024.jpg 728w\" sizes=\"auto, (max-width: 2347px) 100vw, 2347px\" \/><\/p>\n<p>Vous pouvez t\u00e9l\u00e9charger ce num\u00e9ro\u00a0en cliquant ici :\u00a0<a href=\"http:\/\/medecinescuneiformes.fr\/wordpress\/wp-content\/uploads\/JMC-20-2012-site_c.pdf\">JMC 20<\/a><\/p>\n","protected":false},"excerpt":{"rendered":"<p>Vous pouvez t\u00e9l\u00e9charger ce num\u00e9ro\u00a0en cliquant ici :\u00a0JMC 20<\/p>\n","protected":false},"author":4,"featured_media":0,"parent":79,"menu_order":0,"comment_status":"closed","ping_status":"closed","template":"","meta":{"footnotes":""},"class_list":["post-283","page","type-page","status-publish","hentry"],"_links":{"self":[{"href":"http:\/\/medecinescuneiformes.fr\/index.php?rest_route=\/wp\/v2\/pages\/283","targetHints":{"allow":["GET"]}}],"collection":[{"href":"http:\/\/medecinescuneiformes.fr\/index.php?rest_route=\/wp\/v2\/pages"}],"about":[{"href":"http:\/\/medecinescuneiformes.fr\/index.php?rest_route=\/wp\/v2\/types\/page"}],"author":[{"embeddable":true,"href":"http:\/\/medecinescuneiformes.fr\/index.php?rest_route=\/wp\/v2\/users\/4"}],"replies":[{"embeddable":true,"href":"http:\/\/medecinescuneiformes.fr\/index.php?rest_route=%2Fwp%2Fv2%2Fcomments&post=283"}],"version-history":[{"count":2,"href":"http:\/\/medecinescuneiformes.fr\/index.php?rest_route=\/wp\/v2\/pages\/283\/revisions"}],"predecessor-version":[{"id":318,"href":"http:\/\/medecinescuneiformes.fr\/index.php?rest_route=\/wp\/v2\/pages\/283\/revisions\/318"}],"up":[{"embeddable":true,"href":"http:\/\/medecinescuneiformes.fr\/index.php?rest_route=\/wp\/v2\/pages\/79"}],"wp:attachment":[{"href":"http:\/\/medecinescuneiformes.fr\/index.php?rest_route=%2Fwp%2Fv2%2Fmedia&parent=283"}],"curies":[{"name":"wp","href":"https:\/\/api.w.org\/{rel}","templated":true}]}}