{"id":254,"date":"2021-06-28T08:58:05","date_gmt":"2021-06-28T07:58:05","guid":{"rendered":"http:\/\/medecinescuneiformes.fr\/?page_id=254"},"modified":"2021-06-28T08:58:05","modified_gmt":"2021-06-28T07:58:05","slug":"jmc-n26-2015","status":"publish","type":"page","link":"http:\/\/medecinescuneiformes.fr\/?page_id=254","title":{"rendered":"JMC n\u00b026 (2015)"},"content":{"rendered":"<p><img loading=\"lazy\" decoding=\"async\" class=\"alignnone size-full wp-image-255\" src=\"http:\/\/medecinescuneiformes.fr\/wordpress\/wp-content\/uploads\/JMC-26-2015-couv.jpg\" alt=\"JMC 26 2015 couv\" width=\"2347\" height=\"3300\" srcset=\"http:\/\/medecinescuneiformes.fr\/wordpress\/wp-content\/uploads\/JMC-26-2015-couv.jpg 2347w, http:\/\/medecinescuneiformes.fr\/wordpress\/wp-content\/uploads\/JMC-26-2015-couv-213x300.jpg 213w, http:\/\/medecinescuneiformes.fr\/wordpress\/wp-content\/uploads\/JMC-26-2015-couv-768x1080.jpg 768w, http:\/\/medecinescuneiformes.fr\/wordpress\/wp-content\/uploads\/JMC-26-2015-couv-728x1024.jpg 728w\" sizes=\"auto, (max-width: 2347px) 100vw, 2347px\" \/><\/p>\n<p>Vous pouvez t\u00e9l\u00e9charger ce num\u00e9ro en cliquant ici :\u00a0<a href=\"http:\/\/medecinescuneiformes.fr\/wordpress\/wp-content\/uploads\/JMC-26-2015-compressed_compressed.pdf\">JMC 26<\/a><\/p>\n","protected":false},"excerpt":{"rendered":"<p>Vous pouvez t\u00e9l\u00e9charger ce num\u00e9ro en cliquant ici :\u00a0JMC 26<\/p>\n","protected":false},"author":4,"featured_media":0,"parent":79,"menu_order":0,"comment_status":"closed","ping_status":"closed","template":"","meta":{"footnotes":""},"class_list":["post-254","page","type-page","status-publish","hentry"],"_links":{"self":[{"href":"http:\/\/medecinescuneiformes.fr\/index.php?rest_route=\/wp\/v2\/pages\/254","targetHints":{"allow":["GET"]}}],"collection":[{"href":"http:\/\/medecinescuneiformes.fr\/index.php?rest_route=\/wp\/v2\/pages"}],"about":[{"href":"http:\/\/medecinescuneiformes.fr\/index.php?rest_route=\/wp\/v2\/types\/page"}],"author":[{"embeddable":true,"href":"http:\/\/medecinescuneiformes.fr\/index.php?rest_route=\/wp\/v2\/users\/4"}],"replies":[{"embeddable":true,"href":"http:\/\/medecinescuneiformes.fr\/index.php?rest_route=%2Fwp%2Fv2%2Fcomments&post=254"}],"version-history":[{"count":1,"href":"http:\/\/medecinescuneiformes.fr\/index.php?rest_route=\/wp\/v2\/pages\/254\/revisions"}],"predecessor-version":[{"id":257,"href":"http:\/\/medecinescuneiformes.fr\/index.php?rest_route=\/wp\/v2\/pages\/254\/revisions\/257"}],"up":[{"embeddable":true,"href":"http:\/\/medecinescuneiformes.fr\/index.php?rest_route=\/wp\/v2\/pages\/79"}],"wp:attachment":[{"href":"http:\/\/medecinescuneiformes.fr\/index.php?rest_route=%2Fwp%2Fv2%2Fmedia&parent=254"}],"curies":[{"name":"wp","href":"https:\/\/api.w.org\/{rel}","templated":true}]}}