{"id":140,"date":"2021-06-24T18:28:55","date_gmt":"2021-06-24T17:28:55","guid":{"rendered":"http:\/\/medecinescuneiformes.fr\/?page_id=140"},"modified":"2022-12-27T14:20:12","modified_gmt":"2022-12-27T13:20:12","slug":"jmc-36-2020","status":"publish","type":"page","link":"http:\/\/medecinescuneiformes.fr\/?page_id=140","title":{"rendered":"JMC n\u00b036 (2020)"},"content":{"rendered":"<p><img loading=\"lazy\" decoding=\"async\" class=\"alignnone wp-image-118 size-full\" src=\"http:\/\/medecinescuneiformes.fr\/wordpress\/wp-content\/uploads\/JMC_36_couv-1.jpg\" alt=\"JMC_36_couv\" width=\"2347\" height=\"3300\" srcset=\"http:\/\/medecinescuneiformes.fr\/wordpress\/wp-content\/uploads\/JMC_36_couv-1.jpg 2347w, http:\/\/medecinescuneiformes.fr\/wordpress\/wp-content\/uploads\/JMC_36_couv-1-213x300.jpg 213w, http:\/\/medecinescuneiformes.fr\/wordpress\/wp-content\/uploads\/JMC_36_couv-1-768x1080.jpg 768w, http:\/\/medecinescuneiformes.fr\/wordpress\/wp-content\/uploads\/JMC_36_couv-1-728x1024.jpg 728w\" sizes=\"auto, (max-width: 2347px) 100vw, 2347px\" \/><\/p>\n<p>Vous pouvez t\u00e9l\u00e9charger ce num\u00e9ro en cliquant ici :\u00a0<a href=\"http:\/\/medecinescuneiformes.fr\/wordpress\/wp-content\/uploads\/JMC-36-SITE_compressed.pdf\" target=\"_blank\">JMC 36<\/a><\/p>\n<p>Les articles de ce num\u00e9ro sont t\u00e9l\u00e9chargeables s\u00e9par\u00e9ment via les rubriques\u00a0<a href=\"http:\/\/medecinescuneiformes.fr\/?page_id=326\" target=\"_blank\">ARTICLES (2022-2007)<\/a>\u00a0ou\u00a0<a href=\"http:\/\/medecinescuneiformes.fr\/?page_id=367\" target=\"_blank\">AUTEURS<\/a><\/p>\n","protected":false},"excerpt":{"rendered":"<p>Vous pouvez t\u00e9l\u00e9charger ce num\u00e9ro en cliquant ici :\u00a0JMC 36 Les articles de ce num\u00e9ro sont t\u00e9l\u00e9chargeables s\u00e9par\u00e9ment via les rubriques\u00a0ARTICLES (2022-2007)\u00a0ou\u00a0AUTEURS<\/p>\n","protected":false},"author":4,"featured_media":0,"parent":79,"menu_order":0,"comment_status":"closed","ping_status":"closed","template":"","meta":{"footnotes":""},"class_list":["post-140","page","type-page","status-publish","hentry"],"_links":{"self":[{"href":"http:\/\/medecinescuneiformes.fr\/index.php?rest_route=\/wp\/v2\/pages\/140","targetHints":{"allow":["GET"]}}],"collection":[{"href":"http:\/\/medecinescuneiformes.fr\/index.php?rest_route=\/wp\/v2\/pages"}],"about":[{"href":"http:\/\/medecinescuneiformes.fr\/index.php?rest_route=\/wp\/v2\/types\/page"}],"author":[{"embeddable":true,"href":"http:\/\/medecinescuneiformes.fr\/index.php?rest_route=\/wp\/v2\/users\/4"}],"replies":[{"embeddable":true,"href":"http:\/\/medecinescuneiformes.fr\/index.php?rest_route=%2Fwp%2Fv2%2Fcomments&post=140"}],"version-history":[{"count":6,"href":"http:\/\/medecinescuneiformes.fr\/index.php?rest_route=\/wp\/v2\/pages\/140\/revisions"}],"predecessor-version":[{"id":707,"href":"http:\/\/medecinescuneiformes.fr\/index.php?rest_route=\/wp\/v2\/pages\/140\/revisions\/707"}],"up":[{"embeddable":true,"href":"http:\/\/medecinescuneiformes.fr\/index.php?rest_route=\/wp\/v2\/pages\/79"}],"wp:attachment":[{"href":"http:\/\/medecinescuneiformes.fr\/index.php?rest_route=%2Fwp%2Fv2%2Fmedia&parent=140"}],"curies":[{"name":"wp","href":"https:\/\/api.w.org\/{rel}","templated":true}]}}